{"id":240,"date":"2019-12-05T18:40:47","date_gmt":"2019-12-05T17:40:47","guid":{"rendered":"http:\/\/memozerodechet.com\/?page_id=240"},"modified":"2023-09-20T11:52:30","modified_gmt":"2023-09-20T09:52:30","slug":"partenaires","status":"publish","type":"page","link":"https:\/\/memozerodechet.com\/index.php\/partenaires\/","title":{"rendered":"Partenaires"},"content":{"rendered":"\n<p class=\"has-vivid-cyan-blue-color has-text-color has-medium-font-size\"><strong>Un grand MERCI aux collectivit\u00e9s qui nous font confiance, plus d&rsquo;une centaine \u00e0 ce jour.<\/strong><\/p>\n\n\n\n<p class=\"has-medium-font-size\">Mairie de Paris (560 bo\u00eetes)<br>Agglom\u00e9ration de Bordeaux (80 bo\u00eetes)<br>Grand Paris Sud Est Avenir<br>CU de Reims<br>Chartres Agglom\u00e9ration<br>Grand Poitiers<br>Le Mans M\u00e9tropole<br>Agglom\u00e9ration de Niort<br>CA Lac du Bourget<br>Grand Annecy<br>Smicval<br>CC Coeur Garonne<br>CA TED<br>ValOrizon<br>SIEEN<br>CC Noirmoutier<br>Conseil D\u00e9partemental 65<br>Sived<br>CC des Coevrons<br>La Cove<br>Sirtomad<br>CCBBO<br>CC Mayenne<br>Sietom de Chalosse<br>CC de Saint Amarin<br>Smictom Centre Ouest<br>Smitom du Santerre<br>SIEDMTO<br>Sydeme<br>CC du Saulnois<br>CC du Sud Messin<br>Sietrem<br>Sivom La Montagne<br>CPIE Loire Anjou<br>Smitom Sud Saumurois<br>CC de Lunel<br>CC Pays d&rsquo;Ancenis<br>CA Bethune<br>Ireps Pays de la Loire<br>Sittomat<br>SMCNA<br>Simer 86<br>Evolis 23<br>Sictom de la Zone Sous Vosgienne<br>CC G\u00e9vaudan<br>Sictom Nord Allier<br>Syded<br>CC Terres du Haut Berry<br>Smitred<br>Sytec<br>Sivdazur<br>Agglom\u00e9ration de Sarreguemines<\/p>\n","protected":false},"excerpt":{"rendered":"<p>Un grand MERCI aux collectivit\u00e9s qui nous font confiance, plus d&rsquo;une centaine \u00e0 ce jour. Mairie de Paris (560 bo\u00eetes)Agglom\u00e9ration de Bordeaux (80 bo\u00eetes)Grand Paris Sud Est AvenirCU de ReimsChartres Agglom\u00e9rationGrand PoitiersLe Mans M\u00e9tropoleAgglom\u00e9ration de NiortCA Lac du BourgetGrand AnnecySmicvalCC Coeur GaronneCA TEDValOrizonSIEENCC NoirmoutierConseil D\u00e9partemental 65SivedCC des CoevronsLa CoveSirtomadCCBBOCC MayenneSietom de ChalosseCC de Saint AmarinSmictom &hellip; <\/p>\n<p class=\"link-more\"><a href=\"https:\/\/memozerodechet.com\/index.php\/partenaires\/\" class=\"more-link\">Continuer la lecture<span class=\"screen-reader-text\"> de &laquo;&nbsp;Partenaires&nbsp;&raquo;<\/span><\/a><\/p>\n","protected":false},"author":1,"featured_media":46,"parent":0,"menu_order":0,"comment_status":"closed","ping_status":"closed","template":"","meta":{"footnotes":""},"_links":{"self":[{"href":"https:\/\/memozerodechet.com\/index.php\/wp-json\/wp\/v2\/pages\/240"}],"collection":[{"href":"https:\/\/memozerodechet.com\/index.php\/wp-json\/wp\/v2\/pages"}],"about":[{"href":"https:\/\/memozerodechet.com\/index.php\/wp-json\/wp\/v2\/types\/page"}],"author":[{"embeddable":true,"href":"https:\/\/memozerodechet.com\/index.php\/wp-json\/wp\/v2\/users\/1"}],"replies":[{"embeddable":true,"href":"https:\/\/memozerodechet.com\/index.php\/wp-json\/wp\/v2\/comments?post=240"}],"version-history":[{"count":9,"href":"https:\/\/memozerodechet.com\/index.php\/wp-json\/wp\/v2\/pages\/240\/revisions"}],"predecessor-version":[{"id":365,"href":"https:\/\/memozerodechet.com\/index.php\/wp-json\/wp\/v2\/pages\/240\/revisions\/365"}],"wp:featuredmedia":[{"embeddable":true,"href":"https:\/\/memozerodechet.com\/index.php\/wp-json\/wp\/v2\/media\/46"}],"wp:attachment":[{"href":"https:\/\/memozerodechet.com\/index.php\/wp-json\/wp\/v2\/media?parent=240"}],"curies":[{"name":"wp","href":"https:\/\/api.w.org\/{rel}","templated":true}]}}